{"id":1762,"date":"2017-09-26T11:04:22","date_gmt":"2017-09-26T08:04:22","guid":{"rendered":"http:\/\/odipa.com.tr\/?post_type=product&#038;p=1762"},"modified":"2023-08-12T00:51:49","modified_gmt":"2023-08-11T21:51:49","slug":"poset-kiskaci","status":"publish","type":"product","link":"http:\/\/odipa.com.tr\/en\/product\/poset-kiskaci\/","title":{"rendered":"Bag Clip"},"content":{"rendered":"<p>You can securely seal unfinished coffee, legume, and dried fruit packages using the scaled clip. Your food products will be preserved in their original freshness. The measuring spoon can be used for coffee preparation, providing convenience in determining the coffee quantity. The measuring spoon holds 2.5 grams of coffee. Using 3 spoonfuls (7.5 grams) corresponds to the ideal amount for a cup of coffee.<\/p>","protected":false},"excerpt":{"rendered":"<p>Yar\u0131m kalan kahve, bakliyat, kuruyemi\u015f paketlerinizi \u00f6l\u00e7ekli klips kullanarak s\u0131k\u0131ca kapatabilirsiniz. G\u0131da \u00fcr\u00fcnleriniz ilk g\u00fcnk\u00fc tazeli\u011finde korunur. \u00d6l\u00e7ek ka\u015f\u0131\u011f\u0131n\u0131 kahve<\/p>","protected":false},"featured_media":1815,"template":"","meta":[],"product_cat":[38,161],"product_tag":[64,163,61],"_links":{"self":[{"href":"http:\/\/odipa.com.tr\/en\/wp-json\/wp\/v2\/product\/1762"}],"collection":[{"href":"http:\/\/odipa.com.tr\/en\/wp-json\/wp\/v2\/product"}],"about":[{"href":"http:\/\/odipa.com.tr\/en\/wp-json\/wp\/v2\/types\/product"}],"wp:featuredmedia":[{"embeddable":true,"href":"http:\/\/odipa.com.tr\/en\/wp-json\/wp\/v2\/media\/1815"}],"wp:attachment":[{"href":"http:\/\/odipa.com.tr\/en\/wp-json\/wp\/v2\/media?parent=1762"}],"wp:term":[{"taxonomy":"product_cat","embeddable":true,"href":"http:\/\/odipa.com.tr\/en\/wp-json\/wp\/v2\/product_cat?post=1762"},{"taxonomy":"product_tag","embeddable":true,"href":"http:\/\/odipa.com.tr\/en\/wp-json\/wp\/v2\/product_tag?post=1762"}],"curies":[{"name":"wp","href":"https:\/\/api.w.org\/{rel}","templated":true}]}}