{"id":1746,"date":"2017-08-25T15:05:30","date_gmt":"2017-08-25T12:05:30","guid":{"rendered":"http:\/\/odipa.com.tr\/?post_type=product&#038;p=1746"},"modified":"2018-01-09T12:42:53","modified_gmt":"2018-01-09T09:42:53","slug":"kus-kelebek-aski","status":"publish","type":"product","link":"http:\/\/odipa.com.tr\/en\/product\/kus-kelebek-aski\/","title":{"rendered":"Bird &amp; Butterfly Hanger"},"content":{"rendered":"<p>Versatile and easy to use, practical hangers will become the hidden heroes of your home. These convenient hangers, which you can hang over the back of doors, on cabinet and drawer fronts, will help you organize towels on bathroom doors, kitchen cloths and hand towels, as well as clothes and belts in the bedroom.<\/p>","protected":false},"excerpt":{"rendered":"<p>Pratik ask\u0131lar \u00e7ok ama\u00e7l\u0131 ve kolay kullan\u0131m\u0131 sayesinde evinizin gizli kahramanlar\u0131ndan olacak. Kap\u0131 arkas\u0131, dolap ve \u00e7ekmece kapaklar\u0131na asabilece\u011finiz pratik<\/p>","protected":false},"featured_media":1799,"template":"","meta":[],"product_cat":[35,51],"product_tag":[65,61],"_links":{"self":[{"href":"http:\/\/odipa.com.tr\/en\/wp-json\/wp\/v2\/product\/1746"}],"collection":[{"href":"http:\/\/odipa.com.tr\/en\/wp-json\/wp\/v2\/product"}],"about":[{"href":"http:\/\/odipa.com.tr\/en\/wp-json\/wp\/v2\/types\/product"}],"wp:featuredmedia":[{"embeddable":true,"href":"http:\/\/odipa.com.tr\/en\/wp-json\/wp\/v2\/media\/1799"}],"wp:attachment":[{"href":"http:\/\/odipa.com.tr\/en\/wp-json\/wp\/v2\/media?parent=1746"}],"wp:term":[{"taxonomy":"product_cat","embeddable":true,"href":"http:\/\/odipa.com.tr\/en\/wp-json\/wp\/v2\/product_cat?post=1746"},{"taxonomy":"product_tag","embeddable":true,"href":"http:\/\/odipa.com.tr\/en\/wp-json\/wp\/v2\/product_tag?post=1746"}],"curies":[{"name":"wp","href":"https:\/\/api.w.org\/{rel}","templated":true}]}}