{"id":1297,"date":"2017-06-13T12:47:25","date_gmt":"2017-06-13T09:47:25","guid":{"rendered":"http:\/\/odipa.com.tr\/?post_type=product&#038;p=1297"},"modified":"2018-01-09T13:22:10","modified_gmt":"2018-01-09T10:22:10","slug":"kapi-stoperi-stopgo","status":"publish","type":"product","link":"http:\/\/odipa.com.tr\/en\/product\/kapi-stoperi-stopgo\/","title":{"rendered":"Thin Rubber Doorstop \u2013 Stop&amp;Go"},"content":{"rendered":"<p>Door stoppers allow you to control the opening and closing of doors affected by air currents in your home. Our door stoppers, with their flexible, scratch-resistant, durable, long-lasting, non-slip, and decorative features, come in three different models.<\/p>","protected":false},"excerpt":{"rendered":"<p>Kap\u0131 stoperleri evinizdeki hava ak\u0131mlar\u0131ndan etkilenerek a\u00e7\u0131l\u0131p kapanan kap\u0131lar\u0131 kontrol alt\u0131na alman\u0131z\u0131 sa\u011flar. Esnek, \u00e7izilmez, dayan\u0131kl\u0131, uzun \u00f6m\u00fcrl\u00fc, kayd\u0131rmaz ve<\/p>","protected":false},"featured_media":1807,"template":"","meta":[],"product_cat":[37],"product_tag":[65,62,61],"_links":{"self":[{"href":"http:\/\/odipa.com.tr\/en\/wp-json\/wp\/v2\/product\/1297"}],"collection":[{"href":"http:\/\/odipa.com.tr\/en\/wp-json\/wp\/v2\/product"}],"about":[{"href":"http:\/\/odipa.com.tr\/en\/wp-json\/wp\/v2\/types\/product"}],"wp:featuredmedia":[{"embeddable":true,"href":"http:\/\/odipa.com.tr\/en\/wp-json\/wp\/v2\/media\/1807"}],"wp:attachment":[{"href":"http:\/\/odipa.com.tr\/en\/wp-json\/wp\/v2\/media?parent=1297"}],"wp:term":[{"taxonomy":"product_cat","embeddable":true,"href":"http:\/\/odipa.com.tr\/en\/wp-json\/wp\/v2\/product_cat?post=1297"},{"taxonomy":"product_tag","embeddable":true,"href":"http:\/\/odipa.com.tr\/en\/wp-json\/wp\/v2\/product_tag?post=1297"}],"curies":[{"name":"wp","href":"https:\/\/api.w.org\/{rel}","templated":true}]}}