{"id":1291,"date":"2017-06-13T12:41:48","date_gmt":"2017-06-13T09:41:48","guid":{"rendered":"http:\/\/odipa.com.tr\/?post_type=product&#038;p=1291"},"modified":"2018-01-09T13:25:33","modified_gmt":"2018-01-09T10:25:33","slug":"kapi-pencere-durdurucu","status":"publish","type":"product","link":"http:\/\/odipa.com.tr\/en\/product\/kapi-pencere-durdurucu\/","title":{"rendered":"Door \/ Window Stopper"},"content":{"rendered":"<p>Door stoppers serve the purpose of keeping doors open or closed while preventing them and their handles from causing damage to walls. Our collection includes three models of door stoppers, each offering flexibility, scratch-resistance, durability, non-slip features, and decorative appeal.<\/p>","protected":false},"excerpt":{"rendered":"<p>Kap\u0131 stoperleri evinizdeki hava ak\u0131mlar\u0131ndan etkilenerek a\u00e7\u0131l\u0131p kapanan kap\u0131lar\u0131 kontrol alt\u0131na alman\u0131z\u0131 sa\u011flar. Esnek, \u00e7izilmez, dayan\u0131kl\u0131, uzun \u00f6m\u00fcrl\u00fc, kayd\u0131rmaz ve<\/p>","protected":false},"featured_media":1803,"template":"","meta":[],"product_cat":[37],"product_tag":[],"_links":{"self":[{"href":"http:\/\/odipa.com.tr\/en\/wp-json\/wp\/v2\/product\/1291"}],"collection":[{"href":"http:\/\/odipa.com.tr\/en\/wp-json\/wp\/v2\/product"}],"about":[{"href":"http:\/\/odipa.com.tr\/en\/wp-json\/wp\/v2\/types\/product"}],"wp:featuredmedia":[{"embeddable":true,"href":"http:\/\/odipa.com.tr\/en\/wp-json\/wp\/v2\/media\/1803"}],"wp:attachment":[{"href":"http:\/\/odipa.com.tr\/en\/wp-json\/wp\/v2\/media?parent=1291"}],"wp:term":[{"taxonomy":"product_cat","embeddable":true,"href":"http:\/\/odipa.com.tr\/en\/wp-json\/wp\/v2\/product_cat?post=1291"},{"taxonomy":"product_tag","embeddable":true,"href":"http:\/\/odipa.com.tr\/en\/wp-json\/wp\/v2\/product_tag?post=1291"}],"curies":[{"name":"wp","href":"https:\/\/api.w.org\/{rel}","templated":true}]}}