{"id":1286,"date":"2017-06-13T12:28:59","date_gmt":"2017-06-13T09:28:59","guid":{"rendered":"http:\/\/odipa.com.tr\/?post_type=product&#038;p=1286"},"modified":"2018-01-09T13:00:28","modified_gmt":"2018-01-09T10:00:28","slug":"kristal-aski","status":"publish","type":"product","link":"http:\/\/odipa.com.tr\/en\/product\/kristal-aski\/","title":{"rendered":"Luxury Crystal Hanger"},"content":{"rendered":"<p>Our clothes hangers are designed to facilitate the hanging of coats, jackets, sweaters, shirts, blouses, or dresses in a manner that prevents wrinkles, with a lower bar for hanging trousers or skirts. We offer a variety of colors and models in this category.<\/p>","protected":false},"excerpt":{"rendered":"<p>Dolap i\u00e7i k\u0131yafet ask\u0131lar\u0131yla giysilerinizi k\u0131r\u0131s\u0327madan saklayabilirsiniz. Farkl\u0131 renk ve modellerde \u00fcretti\u011fimiz k\u0131yafet ask\u0131lar\u0131n\u0131 kullanarak elbise, pantalon, t-shirt ve ceket<\/p>","protected":false},"featured_media":1833,"template":"","meta":[],"product_cat":[35,50],"product_tag":[],"_links":{"self":[{"href":"http:\/\/odipa.com.tr\/en\/wp-json\/wp\/v2\/product\/1286"}],"collection":[{"href":"http:\/\/odipa.com.tr\/en\/wp-json\/wp\/v2\/product"}],"about":[{"href":"http:\/\/odipa.com.tr\/en\/wp-json\/wp\/v2\/types\/product"}],"wp:featuredmedia":[{"embeddable":true,"href":"http:\/\/odipa.com.tr\/en\/wp-json\/wp\/v2\/media\/1833"}],"wp:attachment":[{"href":"http:\/\/odipa.com.tr\/en\/wp-json\/wp\/v2\/media?parent=1286"}],"wp:term":[{"taxonomy":"product_cat","embeddable":true,"href":"http:\/\/odipa.com.tr\/en\/wp-json\/wp\/v2\/product_cat?post=1286"},{"taxonomy":"product_tag","embeddable":true,"href":"http:\/\/odipa.com.tr\/en\/wp-json\/wp\/v2\/product_tag?post=1286"}],"curies":[{"name":"wp","href":"https:\/\/api.w.org\/{rel}","templated":true}]}}